{"id":8,"date":"2020-09-24T17:20:27","date_gmt":"2020-09-24T17:20:27","guid":{"rendered":"https:\/\/ethsoluciones.mx\/?page_id=8"},"modified":"2020-09-24T22:07:28","modified_gmt":"2020-09-24T22:07:28","slug":"inicio","status":"publish","type":"page","link":"https:\/\/ethsoluciones.mx\/index.php\/inicio\/","title":{"rendered":"Sitio en construcci\u00f3n"},"content":{"rendered":"\n<p>\u00a1Hola! Nos complace ayudarte a encontrar la soluci\u00f3n correcta a tus necesidades, pero por lo pronto este sitio est\u00e1 bajo construcci\u00f3n para mejor la calidad de nuestro servicio<\/p>\n","protected":false},"excerpt":{"rendered":"<p>\u00a1Hola! Nos complace ayudarte a encontrar la soluci\u00f3n correcta a tus necesidades, pero por lo pronto este sitio est\u00e1 bajo construcci\u00f3n para mejor la calidad de nuestro servicio<\/p>\n","protected":false},"author":1,"featured_media":0,"parent":0,"menu_order":0,"comment_status":"closed","ping_status":"closed","template":"","meta":[],"_links":{"self":[{"href":"https:\/\/ethsoluciones.mx\/index.php\/wp-json\/wp\/v2\/pages\/8"}],"collection":[{"href":"https:\/\/ethsoluciones.mx\/index.php\/wp-json\/wp\/v2\/pages"}],"about":[{"href":"https:\/\/ethsoluciones.mx\/index.php\/wp-json\/wp\/v2\/types\/page"}],"author":[{"embeddable":true,"href":"https:\/\/ethsoluciones.mx\/index.php\/wp-json\/wp\/v2\/users\/1"}],"replies":[{"embeddable":true,"href":"https:\/\/ethsoluciones.mx\/index.php\/wp-json\/wp\/v2\/comments?post=8"}],"version-history":[{"count":2,"href":"https:\/\/ethsoluciones.mx\/index.php\/wp-json\/wp\/v2\/pages\/8\/revisions"}],"predecessor-version":[{"id":43,"href":"https:\/\/ethsoluciones.mx\/index.php\/wp-json\/wp\/v2\/pages\/8\/revisions\/43"}],"wp:attachment":[{"href":"https:\/\/ethsoluciones.mx\/index.php\/wp-json\/wp\/v2\/media?parent=8"}],"curies":[{"name":"wp","href":"https:\/\/api.w.org\/{rel}","templated":true}]}}