{"id":53,"date":"2017-07-11T08:54:31","date_gmt":"2017-07-11T08:54:31","guid":{"rendered":"https:\/\/ethsoluciones.mx\/index.php\/home\/"},"modified":"2020-10-29T22:23:56","modified_gmt":"2020-10-29T22:23:56","slug":"home","status":"publish","type":"page","link":"https:\/\/ethsoluciones.mx\/","title":{"rendered":"Home"},"content":{"rendered":"\t\t<div data-elementor-type=\"wp-page\" data-elementor-id=\"53\" class=\"elementor elementor-53\" data-elementor-settings=\"[]\">\n\t\t\t\t\t\t<div class=\"elementor-inner\">\n\t\t\t\t\t\t\t<div class=\"elementor-section-wrap\">\n\t\t\t\t\t\t\t<section class=\"elementor-section elementor-top-section elementor-element elementor-element-5ccf3d64 elementor-section-boxed elementor-section-height-default elementor-section-height-default\" data-id=\"5ccf3d64\" data-element_type=\"section\">\n\t\t\t\t\t\t<div class=\"elementor-container elementor-column-gap-default\">\n\t\t\t\t\t\t\t<div class=\"elementor-row\">\n\t\t\t\t\t<div class=\"elementor-column elementor-col-100 elementor-top-column elementor-element elementor-element-3a0fd266\" data-id=\"3a0fd266\" data-element_type=\"column\">\n\t\t\t<div class=\"elementor-column-wrap elementor-element-populated\">\n\t\t\t\t\t\t\t<div class=\"elementor-widget-wrap\">\n\t\t\t\t\t\t<div class=\"elementor-element elementor-element-769e6507 elementor-widget elementor-widget-text-editor\" data-id=\"769e6507\" data-element_type=\"widget\" data-widget_type=\"text-editor.default\">\n\t\t\t\t<div class=\"elementor-widget-container\">\n\t\t\t\t\t<div class=\"elementor-text-editor elementor-clearfix\"><!-- wp:fl-builder\/layout -->\n<h3>\n\t\t\t\t\tSoluciones integrales\n\t\t\t\t<\/h3>\n\t<ul>\n\t\t<li>\t\t\n\t\t\t\t<img src=\"https:\/\/ethsoluciones.mx\/wp-content\/uploads\/2017\/07\/construction-icon09-free-img.png\" alt=\"construction-icon09\" itemprop=\"image\"\/>\n\t\t<h3>Energ\u00eda<\/h3 ><p>Suministro, instalaci\u00f3n y mantenimiento (correctivo\/preventivo) de:<\/p><ul><li>Plantas de Emergencias<\/li><li>UPS<\/li><li>Sistemas Fotovoltaicos<\/li><\/ul><\/li><li>\t\t\n\t\t\t\t<img src=\"https:\/\/ethsoluciones.mx\/wp-content\/uploads\/2017\/07\/construction-icon05-free-img.png\" alt=\"construction-icon05\" itemprop=\"image\"\/>\n\t\t<h3>Mantenimiento Industrial<\/h3 ><p><ul><li>Mantenimiento a estructuras<\/li><li>Instalaci\u00f3n y mantenimiento de aluminio y herrer\u00eda<\/li><li>Recubrimiento Industrial a instalaciones y equipo<\/li><\/ul><\/p><\/li>\t<\/ul>\n\t<ul>\n\t\t<li>\t\t\t\t\n\t\t<h3>Telecomunicaciones<\/h3 ><p>Suministro, instalaci\u00f3n y mantenimiento (preventivo\/correctivo):<\/p><ul><li>Redes Inal\u00e1mbricas<\/li><li>Cableado Estructurado<\/li><li>Fibra \u00d3ptica<\/li><\/ul><\/li><li>\t\t\t\t\n\t\t<h3>Seguridad Electr\u00f3nica<\/h3 ><p>Suministro, instalaci\u00f3n y mantenimiento integral:<\/p><ul><li>CCTV<\/li><li>Alarmas<\/li><li>Barreras Vehiculares<\/li><\/ul><\/li>\t<\/ul>\n\t<ul>\n\t\t<li>\t\t\n\t\t\t\t<img src=\"https:\/\/ethsoluciones.mx\/wp-content\/uploads\/2017\/07\/construction-icon09-free-img.png\" alt=\"construction-icon09\" itemprop=\"image\"\/>\n\t\t<h3>Capital Humano<\/h3 ><p><ul><li>Desarrollo de procedimientos<\/li><li>Capacitaci\u00f3n al personal<\/li><li>Webinars<\/li><li>Cursos Online y presencial<\/li><\/ul><\/p><\/li><li>\t\t\n\t\t\t\t<img src=\"https:\/\/ethsoluciones.mx\/wp-content\/uploads\/2017\/07\/construction-icon08-free-img.png\" alt=\"construction-icon08\" itemprop=\"image\"\/>\n\t\t<h3>Asesor\u00eda Administrativa<\/h3 ><p><ul><li>Outsourcing<\/li><li>Estructura empresarial<\/li><li>Servicios de reclutamiento<\/li><li>Estudios socioecon\u00f3micos<\/li><li>Evaluaciones psicom\u00e9tricas\u00a0<\/li><\/ul><\/p><\/li>\t<\/ul>\n<!-- \/wp:fl-builder\/layout --><\/div>\n\t\t\t\t<\/div>\n\t\t\t\t<\/div>\n\t\t\t\t\t\t<\/div>\n\t\t\t\t\t<\/div>\n\t\t<\/div>\n\t\t\t\t\t\t\t\t<\/div>\n\t\t\t\t\t<\/div>\n\t\t<\/section>\n\t\t\t\t<section class=\"elementor-section elementor-top-section elementor-element elementor-element-15181df elementor-section-boxed elementor-section-height-default elementor-section-height-default\" data-id=\"15181df\" data-element_type=\"section\">\n\t\t\t\t\t\t<div class=\"elementor-container elementor-column-gap-default\">\n\t\t\t\t\t\t\t<div class=\"elementor-row\">\n\t\t\t\t\t<div class=\"elementor-column elementor-col-100 elementor-top-column elementor-element elementor-element-0345fc3\" data-id=\"0345fc3\" data-element_type=\"column\">\n\t\t\t<div class=\"elementor-column-wrap elementor-element-populated\">\n\t\t\t\t\t\t\t<div class=\"elementor-widget-wrap\">\n\t\t\t\t\t\t<section class=\"elementor-section elementor-inner-section elementor-element elementor-element-4c50a2b elementor-section-boxed elementor-section-height-default elementor-section-height-default\" data-id=\"4c50a2b\" data-element_type=\"section\">\n\t\t\t\t\t\t<div class=\"elementor-container elementor-column-gap-default\">\n\t\t\t\t\t\t\t<div class=\"elementor-row\">\n\t\t\t\t\t<div class=\"elementor-column elementor-col-50 elementor-inner-column elementor-element elementor-element-2f921ec\" data-id=\"2f921ec\" data-element_type=\"column\">\n\t\t\t<div class=\"elementor-column-wrap elementor-element-populated\">\n\t\t\t\t\t\t\t<div class=\"elementor-widget-wrap\">\n\t\t\t\t\t\t<div class=\"elementor-element elementor-element-07617eb elementor-widget elementor-widget-google_maps\" data-id=\"07617eb\" data-element_type=\"widget\" data-widget_type=\"google_maps.default\">\n\t\t\t\t<div class=\"elementor-widget-container\">\n\t\t\t<div class=\"elementor-custom-embed\"><iframe frameborder=\"0\" scrolling=\"no\" marginheight=\"0\" marginwidth=\"0\" src=\"https:\/\/maps.google.com\/maps?q=heriberto%20jara%20156%20d&amp;t=m&amp;z=18&amp;output=embed&amp;iwloc=near\" title=\"heriberto jara 156 d\" aria-label=\"heriberto jara 156 d\"><\/iframe><\/div>\t\t<\/div>\n\t\t\t\t<\/div>\n\t\t\t\t\t\t<\/div>\n\t\t\t\t\t<\/div>\n\t\t<\/div>\n\t\t\t\t<div class=\"elementor-column elementor-col-50 elementor-inner-column elementor-element elementor-element-718ec62\" data-id=\"718ec62\" data-element_type=\"column\">\n\t\t\t<div class=\"elementor-column-wrap elementor-element-populated\">\n\t\t\t\t\t\t\t<div class=\"elementor-widget-wrap\">\n\t\t\t\t\t\t<div class=\"elementor-element elementor-element-e1f04df elementor-arrows-position-inside elementor-pagination-position-outside elementor-widget elementor-widget-image-carousel\" data-id=\"e1f04df\" data-element_type=\"widget\" data-settings=\"{&quot;slides_to_show&quot;:&quot;1&quot;,&quot;pause_on_interaction&quot;:&quot;no&quot;,&quot;autoplay_speed&quot;:500,&quot;effect&quot;:&quot;fade&quot;,&quot;speed&quot;:5000,&quot;navigation&quot;:&quot;both&quot;,&quot;autoplay&quot;:&quot;yes&quot;,&quot;pause_on_hover&quot;:&quot;yes&quot;,&quot;infinite&quot;:&quot;yes&quot;}\" data-widget_type=\"image-carousel.default\">\n\t\t\t\t<div class=\"elementor-widget-container\">\n\t\t\t\t\t<div class=\"elementor-image-carousel-wrapper swiper-container\" dir=\"ltr\">\n\t\t\t<div class=\"elementor-image-carousel swiper-wrapper swiper-image-stretch\">\n\t\t\t\t<div class=\"swiper-slide\"><figure class=\"swiper-slide-inner\"><img class=\"swiper-slide-image\" src=\"https:\/\/ethsoluciones.mx\/wp-content\/uploads\/elementor\/thumbs\/0fa2e76b-341d-4b24-94f1-fda60be0d723-oxjhw841m8aqvmm738yw248j1cc8sg2xadxkdf3fb4.jpg\" alt=\"0fa2e76b-341d-4b24-94f1-fda60be0d723\" \/><\/figure><\/div><div class=\"swiper-slide\"><figure class=\"swiper-slide-inner\"><img class=\"swiper-slide-image\" src=\"https:\/\/ethsoluciones.mx\/wp-content\/uploads\/elementor\/thumbs\/d9e69563-814f-4015-9770-c6d23ada675d-oxjhwaxk6qelugi3ms6rrliwthycfje4arw0t8z8sg.jpg\" alt=\"d9e69563-814f-4015-9770-c6d23ada675d\" \/><\/figure><\/div><div class=\"swiper-slide\"><figure class=\"swiper-slide-inner\"><img class=\"swiper-slide-image\" src=\"https:\/\/ethsoluciones.mx\/wp-content\/uploads\/elementor\/thumbs\/c354fe97-60c4-4326-9027-328a95a0ff53-oxjhw9zpzwdbiujgs9s573rg842z7uadyn8jbz0myo.jpg\" alt=\"c354fe97-60c4-4326-9027-328a95a0ff53\" \/><\/figure><\/div>\t\t\t<\/div>\n\t\t\t\t\t\t\t\t\t\t\t\t<div class=\"swiper-pagination\"><\/div>\n\t\t\t\t\t\t\t\t\t\t\t\t\t<div class=\"elementor-swiper-button elementor-swiper-button-prev\">\n\t\t\t\t\t\t<i class=\"eicon-chevron-left\" aria-hidden=\"true\"><\/i>\n\t\t\t\t\t\t<span class=\"elementor-screen-only\">Previous<\/span>\n\t\t\t\t\t<\/div>\n\t\t\t\t\t<div class=\"elementor-swiper-button elementor-swiper-button-next\">\n\t\t\t\t\t\t<i class=\"eicon-chevron-right\" aria-hidden=\"true\"><\/i>\n\t\t\t\t\t\t<span class=\"elementor-screen-only\">Next<\/span>\n\t\t\t\t\t<\/div>\n\t\t\t\t\t\t\t\t\t<\/div>\n\t\t\t\t<\/div>\n\t\t\t\t<\/div>\n\t\t\t\t\t\t<\/div>\n\t\t\t\t\t<\/div>\n\t\t<\/div>\n\t\t\t\t\t\t\t\t<\/div>\n\t\t\t\t\t<\/div>\n\t\t<\/section>\n\t\t\t\t\t\t<\/div>\n\t\t\t\t\t<\/div>\n\t\t<\/div>\n\t\t\t\t\t\t\t\t<\/div>\n\t\t\t\t\t<\/div>\n\t\t<\/section>\n\t\t\t\t\t\t<\/div>\n\t\t\t\t\t\t<\/div>\n\t\t\t\t\t<\/div>\n\t\t","protected":false},"excerpt":{"rendered":"<p>Soluciones integrales Energ\u00eda Suministro, instalaci\u00f3n y mantenimiento (correctivo\/preventivo) de: Plantas de Emergencias UPS Sistemas Fotovoltaicos Mantenimiento Industrial Mantenimiento a estructuras Instalaci\u00f3n y mantenimiento de aluminio y herrer\u00eda Recubrimiento Industrial a instalaciones y equipo Telecomunicaciones Suministro, instalaci\u00f3n y mantenimiento (preventivo\/correctivo): Redes Inal\u00e1mbricas Cableado Estructurado Fibra \u00d3ptica Seguridad Electr\u00f3nica Suministro, instalaci\u00f3n y mantenimiento integral: CCTV Alarmas Barreras &hellip;<\/p>\n<p class=\"read-more\"> <a class=\"\" href=\"https:\/\/ethsoluciones.mx\/\"> <span class=\"screen-reader-text\">Home<\/span> Read More &raquo;<\/a><\/p>\n","protected":false},"author":1,"featured_media":0,"parent":0,"menu_order":0,"comment_status":"closed","ping_status":"open","template":"","meta":[],"_links":{"self":[{"href":"https:\/\/ethsoluciones.mx\/index.php\/wp-json\/wp\/v2\/pages\/53"}],"collection":[{"href":"https:\/\/ethsoluciones.mx\/index.php\/wp-json\/wp\/v2\/pages"}],"about":[{"href":"https:\/\/ethsoluciones.mx\/index.php\/wp-json\/wp\/v2\/types\/page"}],"author":[{"embeddable":true,"href":"https:\/\/ethsoluciones.mx\/index.php\/wp-json\/wp\/v2\/users\/1"}],"replies":[{"embeddable":true,"href":"https:\/\/ethsoluciones.mx\/index.php\/wp-json\/wp\/v2\/comments?post=53"}],"version-history":[{"count":14,"href":"https:\/\/ethsoluciones.mx\/index.php\/wp-json\/wp\/v2\/pages\/53\/revisions"}],"predecessor-version":[{"id":1195,"href":"https:\/\/ethsoluciones.mx\/index.php\/wp-json\/wp\/v2\/pages\/53\/revisions\/1195"}],"wp:attachment":[{"href":"https:\/\/ethsoluciones.mx\/index.php\/wp-json\/wp\/v2\/media?parent=53"}],"curies":[{"name":"wp","href":"https:\/\/api.w.org\/{rel}","templated":true}]}}